{"id":55,"date":"2022-10-31T09:15:57","date_gmt":"2022-10-31T09:15:57","guid":{"rendered":"https:\/\/demo.kortezthemes.com\/kortez\/lawyer\/?page_id=17"},"modified":"2025-08-19T12:24:04","modified_gmt":"2025-08-19T12:24:04","slug":"about","status":"publish","type":"page","link":"https:\/\/abogadosguatemaltecos.com\/?page_id=55","title":{"rendered":"Quienes somos"},"content":{"rendered":"\t\t<div data-elementor-type=\"wp-page\" data-elementor-id=\"55\" class=\"elementor elementor-55\">\n\t\t\t\t\t\t<section class=\"elementor-section elementor-top-section elementor-element elementor-element-5c3e681 elementor-section-boxed elementor-section-height-default elementor-section-height-default\" data-id=\"5c3e681\" data-element_type=\"section\" data-e-type=\"section\" data-settings=\"{&quot;background_background&quot;:&quot;classic&quot;}\">\n\t\t\t\t\t\t\t<div class=\"elementor-background-overlay\"><\/div>\n\t\t\t\t\t\t\t<div class=\"elementor-container elementor-column-gap-no\">\n\t\t\t\t\t<div class=\"elementor-column elementor-col-33 elementor-top-column elementor-element elementor-element-7996a2f\" data-id=\"7996a2f\" data-element_type=\"column\" data-e-type=\"column\">\n\t\t\t<div class=\"elementor-widget-wrap\">\n\t\t\t\t\t\t\t<\/div>\n\t\t<\/div>\n\t\t\t\t<div class=\"elementor-column elementor-col-33 elementor-top-column elementor-element elementor-element-325e68b\" data-id=\"325e68b\" data-element_type=\"column\" data-e-type=\"column\">\n\t\t\t<div class=\"elementor-widget-wrap elementor-element-populated\">\n\t\t\t\t\t\t<div class=\"elementor-element elementor-element-1522c7a elementor-widget elementor-widget-heading\" data-id=\"1522c7a\" data-element_type=\"widget\" data-e-type=\"widget\" data-widget_type=\"heading.default\">\n\t\t\t\t<div class=\"elementor-widget-container\">\n\t\t\t\t\t<h2 class=\"elementor-heading-title elementor-size-default\">Quienes somos<\/h2>\t\t\t\t<\/div>\n\t\t\t\t<\/div>\n\t\t\t\t\t<\/div>\n\t\t<\/div>\n\t\t\t\t<div class=\"elementor-column elementor-col-33 elementor-top-column elementor-element elementor-element-0f53865\" data-id=\"0f53865\" data-element_type=\"column\" data-e-type=\"column\">\n\t\t\t<div class=\"elementor-widget-wrap\">\n\t\t\t\t\t\t\t<\/div>\n\t\t<\/div>\n\t\t\t\t\t<\/div>\n\t\t<\/section>\n\t\t\t\t<section class=\"elementor-section elementor-top-section elementor-element elementor-element-c24dae9 elementor-section-boxed elementor-section-height-default elementor-section-height-default\" data-id=\"c24dae9\" data-element_type=\"section\" data-e-type=\"section\">\n\t\t\t\t\t\t<div class=\"elementor-container elementor-column-gap-no\">\n\t\t\t\t\t<div class=\"elementor-column elementor-col-100 elementor-top-column elementor-element elementor-element-daa6455\" data-id=\"daa6455\" data-element_type=\"column\" data-e-type=\"column\">\n\t\t\t<div class=\"elementor-widget-wrap elementor-element-populated\">\n\t\t\t\t\t\t<section class=\"elementor-section elementor-inner-section elementor-element elementor-element-9d8fe50 elementor-section-boxed elementor-section-height-default elementor-section-height-default\" data-id=\"9d8fe50\" data-element_type=\"section\" data-e-type=\"section\">\n\t\t\t\t\t\t<div class=\"elementor-container elementor-column-gap-default\">\n\t\t\t\t\t<div class=\"elementor-column elementor-col-50 elementor-inner-column elementor-element elementor-element-a67ebbc\" data-id=\"a67ebbc\" data-element_type=\"column\" data-e-type=\"column\">\n\t\t\t<div class=\"elementor-widget-wrap elementor-element-populated\">\n\t\t\t\t\t\t<section class=\"elementor-section elementor-inner-section elementor-element elementor-element-74b8289 elementor-section-boxed elementor-section-height-default elementor-section-height-default\" data-id=\"74b8289\" data-element_type=\"section\" data-e-type=\"section\">\n\t\t\t\t\t\t<div class=\"elementor-container elementor-column-gap-default\">\n\t\t\t\t\t<div class=\"elementor-column elementor-col-50 elementor-inner-column elementor-element elementor-element-d6f2a40\" data-id=\"d6f2a40\" data-element_type=\"column\" data-e-type=\"column\">\n\t\t\t<div class=\"elementor-widget-wrap elementor-element-populated\">\n\t\t\t\t\t\t<div class=\"elementor-element elementor-element-323e9d2 elementor-widget elementor-widget-image\" data-id=\"323e9d2\" data-element_type=\"widget\" data-e-type=\"widget\" data-widget_type=\"image.default\">\n\t\t\t\t<div class=\"elementor-widget-container\">\n\t\t\t\t\t\t\t\t\t\t\t\t\t\t\t<img decoding=\"async\" width=\"1\" height=\"1\" src=\"https:\/\/abogadosguatemaltecos.com\/wp-content\/uploads\/2022\/10\/woocommerce-placeholder.png\" class=\"attachment-large size-large wp-image-36\" alt=\"\" \/>\t\t\t\t\t\t\t\t\t\t\t\t\t\t\t<\/div>\n\t\t\t\t<\/div>\n\t\t\t\t\t<\/div>\n\t\t<\/div>\n\t\t\t\t<div class=\"elementor-column elementor-col-50 elementor-inner-column elementor-element elementor-element-94f356e\" data-id=\"94f356e\" data-element_type=\"column\" data-e-type=\"column\">\n\t\t\t<div class=\"elementor-widget-wrap elementor-element-populated\">\n\t\t\t\t\t\t<section class=\"elementor-section elementor-inner-section elementor-element elementor-element-67f6cf8 elementor-section-boxed elementor-section-height-default elementor-section-height-default\" data-id=\"67f6cf8\" data-element_type=\"section\" data-e-type=\"section\">\n\t\t\t\t\t\t<div class=\"elementor-container elementor-column-gap-no\">\n\t\t\t\t\t<div class=\"elementor-column elementor-col-100 elementor-inner-column elementor-element elementor-element-06a90de\" data-id=\"06a90de\" data-element_type=\"column\" data-e-type=\"column\">\n\t\t\t<div class=\"elementor-widget-wrap elementor-element-populated\">\n\t\t\t\t\t\t<div class=\"elementor-element elementor-element-3a78d8b elementor-widget elementor-widget-image\" data-id=\"3a78d8b\" data-element_type=\"widget\" data-e-type=\"widget\" data-widget_type=\"image.default\">\n\t\t\t\t<div class=\"elementor-widget-container\">\n\t\t\t\t\t\t\t\t\t\t\t\t\t\t\t<img decoding=\"async\" src=\"https:\/\/abogadosguatemaltecos.com\/wp-content\/uploads\/elementor\/thumbs\/Ambas-sillon-r9u6dh89bl37zcbhlq3gqr7q0q2aslxiwj618u2gxm.jpeg\" title=\"Ambas sillon\" alt=\"Ambas sillon\" loading=\"lazy\" \/>\t\t\t\t\t\t\t\t\t\t\t\t\t\t\t<\/div>\n\t\t\t\t<\/div>\n\t\t\t\t\t<\/div>\n\t\t<\/div>\n\t\t\t\t\t<\/div>\n\t\t<\/section>\n\t\t\t\t<section class=\"elementor-section elementor-inner-section elementor-element elementor-element-f630d99 elementor-section-boxed elementor-section-height-default elementor-section-height-default\" data-id=\"f630d99\" data-element_type=\"section\" data-e-type=\"section\">\n\t\t\t\t\t\t<div class=\"elementor-container elementor-column-gap-no\">\n\t\t\t\t\t<div class=\"elementor-column elementor-col-100 elementor-inner-column elementor-element elementor-element-e1b8ca5\" data-id=\"e1b8ca5\" data-element_type=\"column\" data-e-type=\"column\">\n\t\t\t<div class=\"elementor-widget-wrap elementor-element-populated\">\n\t\t\t\t\t\t<div class=\"elementor-element elementor-element-0482722 elementor-widget elementor-widget-image\" data-id=\"0482722\" data-element_type=\"widget\" data-e-type=\"widget\" data-widget_type=\"image.default\">\n\t\t\t\t<div class=\"elementor-widget-container\">\n\t\t\t\t\t\t\t\t\t\t\t\t\t\t\t<img decoding=\"async\" width=\"150\" height=\"150\" src=\"https:\/\/abogadosguatemaltecos.com\/wp-content\/uploads\/2025\/06\/cropped-logo_completo_new-150x150.png\" class=\"attachment-thumbnail size-thumbnail wp-image-79\" alt=\"\" srcset=\"https:\/\/abogadosguatemaltecos.com\/wp-content\/uploads\/2025\/06\/cropped-logo_completo_new-150x150.png 150w, https:\/\/abogadosguatemaltecos.com\/wp-content\/uploads\/2025\/06\/cropped-logo_completo_new-300x300.png 300w, https:\/\/abogadosguatemaltecos.com\/wp-content\/uploads\/2025\/06\/cropped-logo_completo_new.png 326w\" sizes=\"(max-width: 150px) 100vw, 150px\" \/>\t\t\t\t\t\t\t\t\t\t\t\t\t\t\t<\/div>\n\t\t\t\t<\/div>\n\t\t\t\t\t<\/div>\n\t\t<\/div>\n\t\t\t\t\t<\/div>\n\t\t<\/section>\n\t\t\t\t\t<\/div>\n\t\t<\/div>\n\t\t\t\t\t<\/div>\n\t\t<\/section>\n\t\t\t\t\t<\/div>\n\t\t<\/div>\n\t\t\t\t<div class=\"elementor-column elementor-col-50 elementor-inner-column elementor-element elementor-element-3b4c7bb\" data-id=\"3b4c7bb\" data-element_type=\"column\" data-e-type=\"column\">\n\t\t\t<div class=\"elementor-widget-wrap elementor-element-populated\">\n\t\t\t\t\t\t<div class=\"elementor-element elementor-element-1cb730b elementor-widget elementor-widget-heading\" data-id=\"1cb730b\" data-element_type=\"widget\" data-e-type=\"widget\" data-widget_type=\"heading.default\">\n\t\t\t\t<div class=\"elementor-widget-container\">\n\t\t\t\t\t<h2 class=\"elementor-heading-title elementor-size-default\">Somos una firma de abogados que concibe la abogac\u00eda como un alto honor, nuestra vocaci\u00f3n es el servicio profesional a las personas. <br>La satisfacci\u00f3n del trabajo bien hecho es nuestra principal motivaci\u00f3n.<\/h2>\t\t\t\t<\/div>\n\t\t\t\t<\/div>\n\t\t\t\t\t<\/div>\n\t\t<\/div>\n\t\t\t\t\t<\/div>\n\t\t<\/section>\n\t\t\t\t\t<\/div>\n\t\t<\/div>\n\t\t\t\t\t<\/div>\n\t\t<\/section>\n\t\t<div class=\"elementor-element elementor-element-dfc0f96 e-grid e-con-boxed e-con e-parent\" data-id=\"dfc0f96\" data-element_type=\"container\" data-e-type=\"container\">\n\t\t\t\t\t<div class=\"e-con-inner\">\n\t\t\t\t<div class=\"elementor-element elementor-element-8c1f2c8 elementor-widget elementor-widget-text-editor\" data-id=\"8c1f2c8\" data-element_type=\"widget\" data-e-type=\"widget\" data-widget_type=\"text-editor.default\">\n\t\t\t\t<div class=\"elementor-widget-container\">\n\t\t\t\t\t\t\t\t\t<div class=\"wpb_text_column wpb_content_element \"><div class=\"wpb_wrapper\"><p><strong>Nuestra Misi\u00f3n:<\/strong><\/p><p><span class=\"mkdf-dropcaps mkdf-normal\">C<\/span>omo\u00a0firma de abogados y a trav\u00e9s de abogados asociados, brindamos asesor\u00eda y consultor\u00eda legal a guatemaltecos radicados en Estados Unidos y en Guatemala.<\/p><p>Nuestra especialidad radica en la resoluci\u00f3n de asuntos legales a distancia, representando de una manera oportuna, efectiva y eficiente las necesidades de nuestros clientes.<\/p><h4>\u00a0<\/h4><\/div><\/div><div class=\"wpb_text_column wpb_content_element \"><div class=\"wpb_wrapper\"><h4>Somos una firma de abogados que concibe la abogacia como un alto honor, nuestra vocaci\u00f3n es el servicio profesional a las personas. La satisfacci\u00f3n del trabajo bien hecho es nuestra principal motivaci\u00f3n<\/h4><\/div><\/div>\t\t\t\t\t\t\t\t<\/div>\n\t\t\t\t<\/div>\n\t\t\t\t<div class=\"elementor-element elementor-element-1cf0243 elementor-widget elementor-widget-text-editor\" data-id=\"1cf0243\" data-element_type=\"widget\" data-e-type=\"widget\" data-widget_type=\"text-editor.default\">\n\t\t\t\t<div class=\"elementor-widget-container\">\n\t\t\t\t\t\t\t\t\t<div class=\"wpb_text_column wpb_content_element \"><strong>Nuestra Estrategia:<\/strong>\u00a0<\/div><div class=\"vc_empty_space\">\u00a0<\/div><div class=\"wpb_text_column wpb_content_element \"><div class=\"wpb_wrapper\"><div class=\"wpb_text_column wpb_content_element \"><div class=\"wpb_wrapper\"><p><span class=\"mkdf-dropcaps mkdf-normal\">C<\/span>omo firma de abogados nos hemos caracterizado a lo largo de estos a\u00f1os en brindar a nuestros clientes un servicio profesional y personalizado, brindando soluciones pr\u00e1cticas e innovadoras a sus necesidades; convirti\u00e9ndonos as\u00ed en socios estrat\u00e9gicos de nuestros Clientes \u00a0al momento de la toma de importantes y trascendentales decisiones; anteponi\u00e9ndose siempre en nuestros servicios la profesionalidad, formalidad, \u00e9tica y confidencialidad.<\/p><\/div><\/div><div class=\"vc_empty_space\">\u00a0<\/div><div class=\"wpb_text_column wpb_content_element \"><div class=\"wpb_wrapper\"><p>En ese sentido<strong>,\u00a0<\/strong>nuestra funci\u00f3n y misi\u00f3n ha sido y ser\u00e1 innovar nuestros servicios, de acuerdo a las necesidades latentes del cliente, as\u00ed como, a las nuevas tendencias jur\u00eddicas y tecnol\u00f3gicas, para as\u00ed proveerles, mediante las herramientas necesarias, soluciones prontas, pr\u00e1cticas e innovadoras en los asuntos encomendados.<\/p><\/div><\/div><\/div><\/div>\t\t\t\t\t\t\t\t<\/div>\n\t\t\t\t<\/div>\n\t\t\t\t<div class=\"elementor-element elementor-element-3e417f0 elementor-widget elementor-widget-text-editor\" data-id=\"3e417f0\" data-element_type=\"widget\" data-e-type=\"widget\" data-widget_type=\"text-editor.default\">\n\t\t\t\t<div class=\"elementor-widget-container\">\n\t\t\t\t\t\t\t\t\t<p><strong>Mesa Directiva:<\/strong>\u00a0<\/p><p><em>Evelyn Leiva Magari\u00f1o<\/em><br \/>Abogada y Notaria Guatemalteca<br \/><strong>Presidente fundadora<\/strong><\/p><p><em>Loiss Olaverri Hernandez de Martinez<\/em><br \/>Abogada y Notaria Guatemalteca<br \/><strong>Socia Fundadora<\/strong><\/p><p><em>Luis Martinez Paniagua<\/em><br \/>Abogado y Notario Guatemalteco<br \/><strong>Socio con especialidad en derecho Administrativo, Bancario y Notarial<\/strong><\/p><p><em>Edgar Israel Leiva Sosa<\/em><br \/>Abogado y Notario<br \/><strong>Socio con especialidad en Derecho Penal y Notarial<\/strong><\/p><p><em>Allan Amilkar Estrada Morales<\/em><br \/>MGTR Abogado \u00a0y Notario<br \/><strong>Master en Derechos Humanos y Derecho Consitucional\u00a0<\/strong><\/p>\t\t\t\t\t\t\t\t<\/div>\n\t\t\t\t<\/div>\n\t\t\t\t\t<\/div>\n\t\t\t\t<\/div>\n\t\t\t\t<\/div>\n\t\t","protected":false},"excerpt":{"rendered":"<p>Quienes somos Somos una firma de abogados que concibe la abogac\u00eda como un alto honor, nuestra vocaci\u00f3n es el servicio profesional a las personas. La satisfacci\u00f3n del trabajo bien hecho es nuestra principal motivaci\u00f3n. Nuestra Misi\u00f3n: Como\u00a0firma de abogados y a trav\u00e9s de abogados asociados, brindamos asesor\u00eda y consultor\u00eda legal a guatemaltecos radicados en Estados [&hellip;]<\/p>\n","protected":false},"author":1,"featured_media":0,"parent":0,"menu_order":0,"comment_status":"closed","ping_status":"closed","template":"elementor_header_footer","meta":{"footnotes":""},"class_list":["post-55","page","type-page","status-publish","hentry"],"_links":{"self":[{"href":"https:\/\/abogadosguatemaltecos.com\/index.php?rest_route=\/wp\/v2\/pages\/55","targetHints":{"allow":["GET"]}}],"collection":[{"href":"https:\/\/abogadosguatemaltecos.com\/index.php?rest_route=\/wp\/v2\/pages"}],"about":[{"href":"https:\/\/abogadosguatemaltecos.com\/index.php?rest_route=\/wp\/v2\/types\/page"}],"author":[{"embeddable":true,"href":"https:\/\/abogadosguatemaltecos.com\/index.php?rest_route=\/wp\/v2\/users\/1"}],"replies":[{"embeddable":true,"href":"https:\/\/abogadosguatemaltecos.com\/index.php?rest_route=%2Fwp%2Fv2%2Fcomments&post=55"}],"version-history":[{"count":32,"href":"https:\/\/abogadosguatemaltecos.com\/index.php?rest_route=\/wp\/v2\/pages\/55\/revisions"}],"predecessor-version":[{"id":389,"href":"https:\/\/abogadosguatemaltecos.com\/index.php?rest_route=\/wp\/v2\/pages\/55\/revisions\/389"}],"wp:attachment":[{"href":"https:\/\/abogadosguatemaltecos.com\/index.php?rest_route=%2Fwp%2Fv2%2Fmedia&parent=55"}],"curies":[{"name":"wp","href":"https:\/\/api.w.org\/{rel}","templated":true}]}}